{"id":108,"date":"2017-08-05T10:13:39","date_gmt":"2017-08-05T10:13:39","guid":{"rendered":"http:\/\/ravistheme.com\/colosseum\/wp\/dark\/?page_id=108"},"modified":"2020-07-29T13:59:15","modified_gmt":"2020-07-29T13:59:15","slug":"home-page-version-1","status":"publish","type":"page","link":"https:\/\/sauemois.ee\/","title":{"rendered":"Esileht"},"content":{"rendered":"<p><\/p>\n<div class=\"slider-available-sec\"><section class=\"colosseum-main-slider\">\n\t\t\t\t\t\t<div class=\"items\">\n\t\t\t\t\t\t\t<div class=\"img-container\" data-bg-img=\"https:\/\/sauemois.ee\/wp-content\/uploads\/2017\/08\/20181128_145539-e1545895221455.jpg\"><\/div>\n\t\t\t\t\t\t\t<div class=\"slide-caption\">\n\t\t\t\t\t\t\t\t<div class=\"inner-container clearfix\">\n\t\t\t\t\t\t\t\t\t<div class=\"up-sec\">\u00dcks Baltimaade kaunimaid ja v\u00e4\u00e4rtuslikumaid m\u00f5isaansambleid<\/div>\n\t\t\t\t\t\t\t\t\t<div class=\"down-sec\">SAUE M\u00d5IS<\/div>\n\t\t\t\t\t\t\t\t<\/div>\n\t\t\t\t\t\t\t<\/div><\/div>\n\t\t\t\t\t\t<div class=\"items\">\n\t\t\t\t\t\t\t<div class=\"img-container\" data-bg-img=\"https:\/\/sauemois.ee\/wp-content\/uploads\/2017\/08\/20181127_151744-e1545896045248.jpg\"><\/div>\n\t\t\t\t\t\t\t<div class=\"slide-caption\">\n\t\t\t\t\t\t\t\t<div class=\"inner-container clearfix\">\n\t\t\t\t\t\t\t\t\t<div class=\"up-sec\">\u00dcks Baltimaade kaunimaid ja v\u00e4\u00e4rtuslikumaid m\u00f5isaansambleid<\/div>\n\t\t\t\t\t\t\t\t\t<div class=\"down-sec\">SAUE M\u00d5IS<\/div>\n\t\t\t\t\t\t\t\t<\/div>\n\t\t\t\t\t\t\t<\/div><\/div>\n\t\t\t\t\t\t<div class=\"items\">\n\t\t\t\t\t\t\t<div class=\"img-container\" data-bg-img=\"https:\/\/sauemois.ee\/wp-content\/uploads\/2017\/08\/20181127_114052-e1545896321125.jpg\"><\/div>\n\t\t\t\t\t\t\t<div class=\"slide-caption\">\n\t\t\t\t\t\t\t\t<div class=\"inner-container clearfix\">\n\t\t\t\t\t\t\t\t\t<div class=\"up-sec\">\u00dcks Baltimaade kaunimaid ja v\u00e4\u00e4rtuslikumaid m\u00f5isaansambleid<\/div>\n\t\t\t\t\t\t\t\t\t<div class=\"down-sec\">SAUE M\u00d5IS<\/div>\n\t\t\t\t\t\t\t\t<\/div>\n\t\t\t\t\t\t\t<\/div><\/div>\n\t\t\t\t\t\t<div class=\"items\">\n\t\t\t\t\t\t\t<div class=\"img-container\" data-bg-img=\"https:\/\/sauemois.ee\/wp-content\/uploads\/2017\/08\/Pargi-kuju-e1545896771215.jpg\"><\/div>\n\t\t\t\t\t\t\t<div class=\"slide-caption\">\n\t\t\t\t\t\t\t\t<div class=\"inner-container clearfix\">\n\t\t\t\t\t\t\t\t\t<div class=\"up-sec\">\u00dcks Baltimaade kaunimaid ja v\u00e4\u00e4rtuslikumaid m\u00f5isaansambleid<\/div>\n\t\t\t\t\t\t\t\t\t<div class=\"down-sec\">SAUE M\u00d5IS<\/div>\n\t\t\t\t\t\t\t\t<\/div>\n\t\t\t\t\t\t\t<\/div><\/div>\n\t\t\t\t\t\t<div class=\"items\">\n\t\t\t\t\t\t\t<div class=\"img-container\" data-bg-img=\"https:\/\/sauemois.ee\/wp-content\/uploads\/2017\/08\/20180905-Park1-e1545897575805.jpg\"><\/div>\n\t\t\t\t\t\t\t<div class=\"slide-caption\">\n\t\t\t\t\t\t\t\t<div class=\"inner-container clearfix\">\n\t\t\t\t\t\t\t\t\t<div class=\"up-sec\">\u00dcks Baltimaade kaunimaid ja v\u00e4\u00e4rtuslikumaid m\u00f5isaansambleid<\/div>\n\t\t\t\t\t\t\t\t\t<div class=\"down-sec\">SAUE M\u00d5IS<\/div>\n\t\t\t\t\t\t\t\t<\/div>\n\t\t\t\t\t\t\t<\/div><\/div><\/section><\/div>\n<p>\n\t\t\t\t<section id=\"welcome-section\" class=\" \">\n\t\t\t\t\t<div class=\"inner-container container\">\n\t\t\t\t\t\t<div class=\"l-sec col-md-7\">\n\t\t\t\t\t\t\t<div class=\"ravis-title-t-1\">\n\t\t\t\t\t\t\t\t<div class=\"title\"><span>SAUE M\u00d5IS<\/span><\/div>\n\t\t\t\t\t\t\t\t<div class=\"sub-title\">Baltimaade \u00fcks kaunemaid ja v\u00e4\u00e4rtuslikumaid m\u00f5isaansambleid<\/div>\n\t\t\t\t\t\t\t<\/div>\n\t\t\t\t\t\t\t<div class=\"content\"><br \/>\nOotamatult l\u00e4hedal, alla poole tunni autos\u00f5idu kaugusel Tallinna kesklinnast, asub Saue m\u00f5is koos looduskaitse all oleva pargiga. M\u00f5isa saalides oleme valmis v\u00f5\u00f5rustama perekondlikke v\u00f5i ametialaseid s\u00fcndmusi ja koosviibimisi. Meie tublid koost\u00f6\u00f6partnerid pakuvad suurep\u00e4raseid maitseelamusi ja p\u00f5nevaid tehnilisi lahendusi.<\/p>\n<p>K\u00f5ik on teostatav - olgu siis tegemist v\u00e4ikese perekondliku s\u00fcndmusega v\u00f5i suure vaba\u00f5hufestivaliga!<\/div><a href=\"\/?page_id=115\" class=\"ravis-btn btn-type-2\">Ajalugu<\/a><\/div><div class=\"r-sec col-md-5\"><img decoding=\"async\" src=\"http:\/\/uus.sauemois.ee\/wp-content\/uploads\/2017\/08\/Saue_m\u00f5isa_peahoone_18_saj_1.jpg\" alt=\"SAUE M\u00d5IS\"><\/div>\n\t\t\t\t\t<\/div>\n\t\t\t\t<\/section> <\/p>","protected":false},"excerpt":{"rendered":"","protected":false},"author":1,"featured_media":0,"parent":0,"menu_order":0,"comment_status":"closed","ping_status":"closed","template":"","meta":{"ngg_post_thumbnail":0,"footnotes":""},"class_list":["post-108","page","type-page","status-publish","hentry"],"_links":{"self":[{"href":"https:\/\/sauemois.ee\/index.php?rest_route=\/wp\/v2\/pages\/108","targetHints":{"allow":["GET"]}}],"collection":[{"href":"https:\/\/sauemois.ee\/index.php?rest_route=\/wp\/v2\/pages"}],"about":[{"href":"https:\/\/sauemois.ee\/index.php?rest_route=\/wp\/v2\/types\/page"}],"author":[{"embeddable":true,"href":"https:\/\/sauemois.ee\/index.php?rest_route=\/wp\/v2\/users\/1"}],"replies":[{"embeddable":true,"href":"https:\/\/sauemois.ee\/index.php?rest_route=%2Fwp%2Fv2%2Fcomments&post=108"}],"version-history":[{"count":36,"href":"https:\/\/sauemois.ee\/index.php?rest_route=\/wp\/v2\/pages\/108\/revisions"}],"predecessor-version":[{"id":898,"href":"https:\/\/sauemois.ee\/index.php?rest_route=\/wp\/v2\/pages\/108\/revisions\/898"}],"wp:attachment":[{"href":"https:\/\/sauemois.ee\/index.php?rest_route=%2Fwp%2Fv2%2Fmedia&parent=108"}],"curies":[{"name":"wp","href":"https:\/\/api.w.org\/{rel}","templated":true}]}}