{"id":117,"date":"2017-08-05T10:49:34","date_gmt":"2017-08-05T10:49:34","guid":{"rendered":"http:\/\/ravistheme.com\/colosseum\/wp\/dark\/?page_id=117"},"modified":"2018-12-28T11:08:56","modified_gmt":"2018-12-28T11:08:56","slug":"our-services","status":"publish","type":"page","link":"https:\/\/sauemois.ee\/?page_id=117","title":{"rendered":"Teenused"},"content":{"rendered":"<section id=\"hotel-sections\"><div class=\"section-row clearfix\">\n\t\t\t\t\t\t\t<div class=\"desc animated-box\" data-animation=\"fadeInUp\" data-delay=\"400\">\n\t\t\t\t\t\t\t\t<div class=\"ravis-title-t-1\">\n\t\t\t\t\t\t\t\t\t<div class=\"title\"><span>Ruumide rent<\/span><\/div>\n\t\t\t\t\t\t\t\t\t<div class=\"sub-title\">Sajanditetagune lummav arhitektuur<\/div>\n\t\t\t\t\t\t\t\t<\/div>\n\t\t\t\t\t\t\t\t<div class=\"content\">M\u00f5isa II korruse seitsmes saalis on v\u00f5imalik korraldada banketi stiilis s\u00fcndmusi kuni 110-le osav\u00f5tjale. K\u00f5ige esinduslikum ja suurem ruum on meil ballisaal, mis mahutab kuni kuusk\u00fcmmend inimest. Pidulikumad koosviibimised kuni kahek\u00fcmnele sobivad h\u00e4sti kaminasaali. Vabamas stiilis saab aega veeta m\u00f5isa mantelkorstna v\u00f5lvruumis, kus on ka grillimise ja sauna kasutamise v\u00f5imalus.\r\n\r\n&nbsp;\r\n<table style=\"height: 177px\" width=\"698\">\r\n<tbody>\r\n<tr>\r\n<td>&nbsp;<\/td>\r\n<td>Ballisaal&nbsp;(60m<sup>2<\/sup>)<\/td>\r\n<td>200 \u20ac\/h&nbsp;<\/td>\r\n<\/tr>\r\n<tr>\r\n<td>&nbsp;<\/td>\r\n<td>Kaminasaal (40<sup>2<\/sup>) + v\u00e4literrass (40<sup>2)<\/sup><\/td>\r\n<td>130 \u20ac\/h&nbsp;<\/td>\r\n<\/tr>\r\n<tr>\r\n<td>&nbsp;<\/td>\r\n<td>K\u00f5rvalsaalid ( 4 saali)<\/td>\r\n<td>80 \u20ac\/h&nbsp; \u00fcks saal (koos kamina- ja\/v\u00f5i ballisaaliga)<\/td>\r\n<\/tr>\r\n<tr>\r\n<td>&nbsp;<\/td>\r\n<td>Mantelkorsten<\/td>\r\n<td>80 \u20ac\/h<\/td>\r\n<\/tr>\r\n<tr>\r\n<td>&nbsp;<\/td>\r\n<td>Fotosessioon siseruumides<\/td>\r\n<td>50\/h \u20ac t\u00f6\u00f6p\u00e4evadel\r\n70\/h \u20ac v\u00e4ljaspool t\u00f6\u00f6aega\r\nSuuremad projektid kokkuleppel<\/td>\r\n<\/tr>\r\n<tr>\r\n<td>&nbsp;<\/td>\r\n<td>Fotosessioon pargialal<\/td>\r\n<td>Kokkuleppel<\/td>\r\n<\/tr>\r\n<tr>\r\n<td>&nbsp;<\/td>\r\n<td style=\"text-align: left\">&nbsp;<\/td>\r\n<td>&nbsp;<\/td>\r\n<\/tr>\r\n<\/tbody>\r\n<\/table>\r\n&nbsp;\r\n\r\n&nbsp;<\/div>\n\t\t\t\t\t\t\t<\/div><div class=\"img-container animated-box\" data-animation=\"fadeInUp\" data-bg-img=\"https:\/\/sauemois.ee\/wp-content\/uploads\/2017\/08\/20181127_111929.jpg\"><\/div><\/div><div class=\"section-row clearfix\"><div class=\"img-container animated-box\" data-animation=\"fadeInUp\" data-bg-img=\"https:\/\/sauemois.ee\/wp-content\/uploads\/2017\/08\/Juuniorsviit1_.jpg\"><\/div>\n\t\t\t\t\t\t\t<div class=\"desc animated-box\" data-animation=\"fadeInUp\" data-delay=\"400\">\n\t\t\t\t\t\t\t\t<div class=\"ravis-title-t-1\">\n\t\t\t\t\t\t\t\t\t<div class=\"title\"><span>Majutus<\/span><\/div>\n\t\t\t\t\t\t\t\t\t<div class=\"sub-title\">Hea uni juba aastast 1792<\/div>\n\t\t\t\t\t\t\t\t<\/div>\n\t\t\t\t\t\t\t\t<div class=\"content\">Baldahiinvoodiga sviit asub m\u00f5isa teisel korrusel, endises paruniproua majapooles. Sviit leiab palju kasutust pulmade ajal pruudi toana ja noorpaaride majutamisel.\r\nEsimesel korrusel olev v\u00f5lvlaega Juuniorsviit on eesruumiga kahekohaline tuba. Sinna on v\u00f5imalik paigaldada \u00fcks lisavoodi.\r\nM\u00f5isas on kaks peretuba, mis on \u00fchise du\u0161iruumiga neid \u00fchendavas koridoris. M\u00f5lemas toas on kohti kuni neljale inimesele.\r\n\r\nMajutuse hinnakiri\r\n<table style=\"height: 84px\" width=\"958\">\r\n<tbody>\r\n<tr>\r\n<td>M\u00f5isaproua Sviit ( teine korrus)<\/td>\r\n<td>250 \u20ac<\/td>\r\n<\/tr>\r\n<tr>\r\n<td>Sviit Hommik ( 2+1)<\/td>\r\n<td>150 \u20ac<\/td>\r\n<\/tr>\r\n<tr>\r\n<td>Sviit Keskp\u00e4ev&nbsp; ( 4+1)<\/td>\r\n<td>250 \u20ac<\/td>\r\n<\/tr>\r\n<tr>\r\n<td>Sviit \u00d5htu ( 1+1)&nbsp;<\/td>\r\n<td>100\u20ac<\/td>\r\n<\/tr>\r\n<\/tbody>\r\n<\/table>\r\n&nbsp;<\/div>\n\t\t\t\t\t\t\t<\/div><\/div><div class=\"section-row clearfix\">\n\t\t\t\t\t\t\t<div class=\"desc animated-box\" data-animation=\"fadeInUp\" data-delay=\"400\">\n\t\t\t\t\t\t\t\t<div class=\"ravis-title-t-1\">\n\t\t\t\t\t\t\t\t\t<div class=\"title\"><span>Ekskursioonid<\/span><\/div>\n\t\t\t\t\t\t\t\t\t<div class=\"sub-title\">Ajalooradadel<\/div>\n\t\t\t\t\t\t\t\t<\/div>\n\t\t\t\t\t\t\t\t<div class=\"content\">Anname \u00fclevaate m\u00f5isa ajaloost ja arhitektuuri erip\u00e4radest. Ekskursioon kestab harilikult kuni tund.&nbsp;\r\n<table width=\"100%\">\r\n<tbody>\r\n<tr>\r\n<td>Ekskursiooni hinnakiri<\/td>\r\n<td>&nbsp;<\/td>\r\n<\/tr>\r\n<tr>\r\n<td>T\u00e4ispilet<\/td>\r\n<td>8\u20ac<\/td>\r\n<\/tr>\r\n<tr>\r\n<td>Sooduspilet&nbsp; &nbsp; &nbsp; &nbsp; &nbsp; &nbsp; &nbsp; &nbsp; &nbsp; &nbsp; &nbsp; &nbsp; &nbsp; &nbsp; &nbsp; &nbsp; &nbsp; &nbsp; &nbsp; &nbsp; &nbsp; &nbsp; &nbsp; &nbsp; &nbsp; &nbsp; &nbsp; &nbsp; &nbsp; &nbsp; &nbsp; &nbsp; &nbsp; &nbsp; &nbsp; &nbsp; &nbsp; &nbsp; &nbsp; &nbsp; &nbsp; &nbsp; &nbsp; &nbsp; &nbsp; &nbsp; &nbsp; &nbsp; &nbsp; &nbsp; &nbsp; &nbsp; &nbsp; &nbsp; &nbsp; &nbsp; &nbsp; &nbsp; &nbsp; &nbsp; &nbsp; &nbsp; &nbsp; &nbsp; &nbsp; &nbsp; &nbsp; &nbsp; &nbsp; &nbsp; &nbsp; &nbsp; &nbsp; &nbsp; &nbsp; &nbsp; &nbsp; &nbsp; &nbsp; &nbsp; &nbsp; &nbsp; &nbsp; &nbsp; &nbsp; &nbsp; &nbsp; &nbsp; &nbsp; &nbsp; &nbsp; &nbsp; &nbsp; &nbsp; &nbsp; &nbsp; &nbsp; &nbsp; &nbsp; &nbsp; &nbsp; &nbsp; &nbsp; &nbsp; &nbsp; &nbsp; &nbsp; &nbsp; &nbsp; &nbsp; &nbsp; 6 \u20ac<\/td>\r\n<\/tr>\r\n<tr valign=\"top\">\r\n<td>Grupipilet&nbsp; &nbsp; &nbsp; &nbsp; &nbsp; &nbsp; &nbsp; &nbsp; &nbsp; &nbsp; &nbsp; &nbsp; &nbsp; &nbsp; &nbsp; &nbsp; &nbsp; &nbsp; &nbsp; &nbsp; &nbsp; &nbsp; &nbsp; &nbsp; &nbsp; &nbsp; &nbsp; &nbsp; &nbsp; &nbsp; &nbsp; &nbsp; &nbsp; &nbsp; &nbsp; &nbsp; &nbsp; &nbsp; &nbsp; &nbsp; &nbsp; &nbsp; &nbsp; &nbsp; &nbsp; &nbsp; &nbsp; &nbsp; &nbsp; &nbsp; &nbsp; &nbsp; &nbsp; &nbsp; &nbsp; &nbsp; &nbsp; &nbsp; &nbsp; &nbsp; &nbsp; &nbsp; &nbsp; &nbsp; &nbsp; &nbsp; &nbsp; &nbsp; &nbsp; &nbsp; &nbsp; &nbsp; &nbsp; &nbsp; &nbsp; &nbsp; &nbsp; &nbsp; &nbsp; &nbsp; &nbsp; &nbsp; &nbsp; &nbsp; &nbsp; &nbsp; &nbsp; &nbsp; &nbsp; &nbsp; &nbsp; &nbsp; &nbsp; &nbsp; &nbsp; &nbsp; &nbsp; &nbsp; &nbsp; &nbsp; &nbsp; &nbsp; &nbsp; &nbsp; &nbsp; &nbsp; &nbsp; &nbsp; &nbsp; &nbsp; &nbsp; &nbsp; &nbsp;6 \u20ac<\/td>\r\n<\/tr>\r\n<tr>\r\n<td>Eelkooliealised&nbsp;<\/td>\r\n<td>tasuta<\/td>\r\n<\/tr>\r\n<\/tbody>\r\n<\/table><\/div>\n\t\t\t\t\t\t\t<\/div><div class=\"img-container animated-box\" data-animation=\"fadeInUp\" data-bg-img=\"https:\/\/sauemois.ee\/wp-content\/uploads\/2017\/08\/Vaade-h\u00e4rra-magamistoast--e1545896937566.jpg\"><\/div><\/div><div class=\"section-row clearfix\"><div class=\"img-container animated-box\" data-animation=\"fadeInUp\" data-bg-img=\"https:\/\/sauemois.ee\/wp-content\/uploads\/2017\/08\/Kaminasaal-1-e1545897112149.jpg\"><\/div>\n\t\t\t\t\t\t\t<div class=\"desc animated-box\" data-animation=\"fadeInUp\" data-delay=\"400\">\n\t\t\t\t\t\t\t\t<div class=\"ravis-title-t-1\">\n\t\t\t\t\t\t\t\t\t<div class=\"title\"><span>Seminarid<\/span><\/div>\n\t\t\t\t\t\t\t\t\t<div class=\"sub-title\">Keskkond aitab keskenduda<\/div>\n\t\t\t\t\t\t\t\t<\/div>\n\t\t\t\t\t\t\t\t<div class=\"content\">Seminare, koosolekuid ja koolitusi saab l\u00e4bi viia m\u00f5isa II korruse saalides. Ballisaali mahub kuni 60 ja kaminasaali kuni 20 inimest. Saame pakkuda \u00fcrituste vaheaegadel kohvipause ning oma toitlustuspartnerite abil ka l\u00f5una- ja \u00f5htus\u00f6\u00f6ke. Pakume ka erinevaid kaasaegseid tehnilisi lahendusi.\r\n<table width=\"100%\">\r\n<tbody>\r\n<tr>\r\n<td><strong>Seminarid<\/strong><\/td>\r\n<td>&nbsp;<\/td>\r\n<\/tr>\r\n<tr>\r\n<td>Kaminasaalis (kuni 20 inimest)<\/td>\r\n<td>650 \u20ac p\u00e4ev (t\u00f6\u00f6p\u00e4evadel 8.00 - 18.00) v\u00f5i 130 \u20ac\/h<\/td>\r\n<\/tr>\r\n<tr>\r\n<td>Ballisaalis (kuni 50 inimest)<\/td>\r\n<td>1500 \u20ac p\u00e4ev (t\u00f6\u00f6p\u00e4evadel 8.00 - 18.00) v\u00f5i 200\u20ac\/h<\/td>\r\n<\/tr>\r\n<tr>\r\n<td>&nbsp;<\/td>\r\n<td>N\u00e4dalavahetuste ja riiklikel p\u00fchadel kokkuleppel<\/td>\r\n<\/tr>\r\n<tr>\r\n<td><strong>Kohvipausid<\/strong><\/td>\r\n<td>&nbsp;<\/td>\r\n<\/tr>\r\n<tr>\r\n<td>\u00dcks kohvipaus<\/td>\r\n<td>15 \u20ac inimene (kohv, tee, vesi, k\u00fcpsised )&nbsp;<\/td>\r\n<\/tr>\r\n<tr>\r\n<td>Kaks kohvipausi<\/td>\r\n<td>25 \u20ac\/inimene (kohv, tee, vesi, juustuvalik , soolane pirukas ja puuviljad)&nbsp;<\/td>\r\n<\/tr>\r\n<tr>\r\n<td colspan=\"2\">Muude valikutega kohvipause ning l\u00f5una- ja \u00f5htus\u00f6\u00f6ke saab tellida kokkuleppel<\/td>\r\n<\/tr>\r\n<\/tbody>\r\n<\/table>\r\n&nbsp;<\/div>\n\t\t\t\t\t\t\t<\/div><\/div><div class=\"section-row clearfix\">\n\t\t\t\t\t\t\t<div class=\"desc animated-box\" data-animation=\"fadeInUp\" data-delay=\"400\">\n\t\t\t\t\t\t\t\t<div class=\"ravis-title-t-1\">\n\t\t\t\t\t\t\t\t\t<div class=\"title\"><span>Saun &#8211; SPA<\/span><\/div>\n\t\t\t\t\t\t\t\t\t<div class=\"sub-title\">Puhtas kehas terve vaim<\/div>\n\t\t\t\t\t\t\t\t<\/div>\n\t\t\t\t\t\t\t\t<div class=\"content\">Meie saunakompleksis on soome saun, aurusaun ja mullivann kuuele. Sauna on suurema seltskonnaga mugav kasutada koos mantelkorstna ruumidega.\r\n<table width=\"100%\">\r\n<tbody>\r\n<tr>\r\n<td>Sauna rent<\/td>\r\n<td>&nbsp;<\/td>\r\n<\/tr>\r\n<tr>\r\n<td>Saun<\/td>\r\n<td>350\u20ac kuni 4h, iga j\u00e4rgnev tund 80 \u20ac<\/td>\r\n<\/tr>\r\n<tr>\r\n<td>Saun koos mantelkorstnaga<\/td>\r\n<td>700 \u20ac kuni 4 h, iga j\u00e4rgnev tund 125\u20ac&nbsp;<\/td>\r\n<\/tr>\r\n<\/tbody>\r\n<\/table>\r\n&nbsp;<\/div>\n\t\t\t\t\t\t\t<\/div><div class=\"img-container animated-box\" data-animation=\"fadeInUp\" data-bg-img=\"https:\/\/sauemois.ee\/wp-content\/uploads\/2017\/08\/sauna-tunnuspilt.jpg\"><\/div><\/div><div class=\"section-row clearfix\"><div class=\"img-container animated-box\" data-animation=\"fadeInUp\" data-bg-img=\"https:\/\/sauemois.ee\/wp-content\/uploads\/2017\/08\/Partnerite-tunnuspilt.jpg\"><\/div>\n\t\t\t\t\t\t\t<div class=\"desc animated-box\" data-animation=\"fadeInUp\" data-delay=\"400\">\n\t\t\t\t\t\t\t\t<div class=\"ravis-title-t-1\">\n\t\t\t\t\t\t\t\t\t<div class=\"title\"><span>Partnerite teenused<\/span><\/div>\n\t\t\t\t\t\t\t\t\t<div class=\"sub-title\">Sajanditetagune lummav arhitektuur<\/div>\n\t\t\t\t\t\t\t\t<\/div>\n\t\t\t\t\t\t\t\t<div class=\"content\">Meil on pikaajalised kogemused h\u00e4sti valitud teenusepakkujatega. Koost\u00f6\u00f6s korraldame s\u00fcndmuste toitlustamise, tehnilise korralduse, kujundamise ja meelelahutuse.<\/div>\n\t\t\t\t\t\t\t<\/div><\/div><\/section>","protected":false},"excerpt":{"rendered":"","protected":false},"author":1,"featured_media":0,"parent":0,"menu_order":0,"comment_status":"closed","ping_status":"closed","template":"","meta":{"ngg_post_thumbnail":0,"footnotes":""},"class_list":["post-117","page","type-page","status-publish","hentry"],"_links":{"self":[{"href":"https:\/\/sauemois.ee\/index.php?rest_route=\/wp\/v2\/pages\/117","targetHints":{"allow":["GET"]}}],"collection":[{"href":"https:\/\/sauemois.ee\/index.php?rest_route=\/wp\/v2\/pages"}],"about":[{"href":"https:\/\/sauemois.ee\/index.php?rest_route=\/wp\/v2\/types\/page"}],"author":[{"embeddable":true,"href":"https:\/\/sauemois.ee\/index.php?rest_route=\/wp\/v2\/users\/1"}],"replies":[{"embeddable":true,"href":"https:\/\/sauemois.ee\/index.php?rest_route=%2Fwp%2Fv2%2Fcomments&post=117"}],"version-history":[{"count":12,"href":"https:\/\/sauemois.ee\/index.php?rest_route=\/wp\/v2\/pages\/117\/revisions"}],"predecessor-version":[{"id":818,"href":"https:\/\/sauemois.ee\/index.php?rest_route=\/wp\/v2\/pages\/117\/revisions\/818"}],"wp:attachment":[{"href":"https:\/\/sauemois.ee\/index.php?rest_route=%2Fwp%2Fv2%2Fmedia&parent=117"}],"curies":[{"name":"wp","href":"https:\/\/api.w.org\/{rel}","templated":true}]}}